{"id":9591,"date":"2025-07-25T11:10:50","date_gmt":"2025-07-25T11:10:50","guid":{"rendered":"https:\/\/kpreading.store\/?post_type=product&#038;p=9591"},"modified":"2026-01-20T11:06:05","modified_gmt":"2026-01-20T11:06:05","slug":"microsoft-office-365-prof-plus","status":"publish","type":"product","link":"https:\/\/kpreading.store\/es\/product\/microsoft-office-365-prof-plus\/","title":{"rendered":"Microsoft Office 365 Professional Plus for Windows\/Mac\/iOS\/iPad\/Android"},"content":{"rendered":"<p><strong>Atributos Clave<\/strong><\/p>\n<p>Operating Systems Supported: MAC, Windows, iOS\/iPad\/Android<br \/>\nPlace of Origin: United States<br \/>\nProducts Status: Stock<br \/>\nType: Operating System<br \/>\nVersion Type: Internet<br \/>\nModel Number: Office 365 Pro Plus 5 PC\/Mac 100Gb Account+Password<\/p>\n<p><strong>Otros Atributos<\/strong><\/p>\n<p class=\"translation-block\">M\u00e9todo de Env\u00edo: Entrega Online por Correo Electr\u00f3nico<br>\n\nIdioma: Compatibilidad con M\u00faltiples Idiomas<br>\n\nLicencia: Cuenta + Contrase\u00f1a<br>\n\nActivaci\u00f3n: 100% Activaci\u00f3n Online Global<br>\n\nGarant\u00eda: 12 Meses<br>\n\nServicio Postventa: Soporte Profesional<br>\n\nServicios: Soporte 24\/7<br><\/p>\n<p><strong>Embalaje y Entrega:<\/strong><\/p>\n<p class=\"translation-block\">Detalles del Embalaje: Entrega por Correo Electr\u00f3nico o Chat en Tiempo Real.<br>\n\nUnidades de Venta: Art\u00edculo individual.<\/p>","protected":false},"excerpt":{"rendered":"<p>Key Attributes: Operating Systems Supported: MAC, Windows, iOS\/iPad\/Android Place of Origin: United States Products Status: Stock Type: Operating System Version Type: Internet Model Number: Office 365 Pro Plus 5 PC\/Mac 100Gb Account+Password Other Attributes: Shipping Method: Email Online Delivery Language: Multi Languages Support License: Account + Password Activation: 100% Activation Online Globally Warranty: 12 Months [&hellip;]<\/p>","protected":false},"featured_media":8757,"comment_status":"open","ping_status":"closed","template":"","meta":{"_monsterinsights_skip_tracking":false,"_monsterinsights_sitenote_active":false,"_monsterinsights_sitenote_note":"","_monsterinsights_sitenote_category":0,"iawp_total_views":34},"product_brand":[],"product_cat":[81],"product_tag":[448,450,451,449],"class_list":{"0":"post-9591","1":"product","2":"type-product","3":"status-publish","4":"has-post-thumbnail","6":"product_cat-microsoft-office","7":"product_tag-en-stock","8":"product_tag-key","9":"product_tag-lifetime-license","10":"product_tag-microsoft-office","12":"first","13":"instock","14":"shipping-taxable","15":"purchasable","16":"product-type-simple"},"aioseo_notices":[],"_links":{"self":[{"href":"https:\/\/kpreading.store\/es\/wp-json\/wp\/v2\/product\/9591","targetHints":{"allow":["GET"]}}],"collection":[{"href":"https:\/\/kpreading.store\/es\/wp-json\/wp\/v2\/product"}],"about":[{"href":"https:\/\/kpreading.store\/es\/wp-json\/wp\/v2\/types\/product"}],"replies":[{"embeddable":true,"href":"https:\/\/kpreading.store\/es\/wp-json\/wp\/v2\/comments?post=9591"}],"version-history":[{"count":4,"href":"https:\/\/kpreading.store\/es\/wp-json\/wp\/v2\/product\/9591\/revisions"}],"predecessor-version":[{"id":10593,"href":"https:\/\/kpreading.store\/es\/wp-json\/wp\/v2\/product\/9591\/revisions\/10593"}],"wp:featuredmedia":[{"embeddable":true,"href":"https:\/\/kpreading.store\/es\/wp-json\/wp\/v2\/media\/8757"}],"wp:attachment":[{"href":"https:\/\/kpreading.store\/es\/wp-json\/wp\/v2\/media?parent=9591"}],"wp:term":[{"taxonomy":"product_brand","embeddable":true,"href":"https:\/\/kpreading.store\/es\/wp-json\/wp\/v2\/product_brand?post=9591"},{"taxonomy":"product_cat","embeddable":true,"href":"https:\/\/kpreading.store\/es\/wp-json\/wp\/v2\/product_cat?post=9591"},{"taxonomy":"product_tag","embeddable":true,"href":"https:\/\/kpreading.store\/es\/wp-json\/wp\/v2\/product_tag?post=9591"}],"curies":[{"name":"wp","href":"https:\/\/api.w.org\/{rel}","templated":true}]}}