{"id":9574,"date":"2025-07-23T11:54:11","date_gmt":"2025-07-23T11:54:11","guid":{"rendered":"https:\/\/kpreading.store\/?post_type=product&#038;p=9574"},"modified":"2025-11-19T22:55:55","modified_gmt":"2025-11-19T22:55:55","slug":"office-2021-home-and-business","status":"publish","type":"product","link":"https:\/\/kpreading.store\/es\/product\/office-2021-home-and-business\/","title":{"rendered":"Clave de Ms Office 2021 Home and Business para 1 MAC"},"content":{"rendered":"<ul>\n<li><strong>100% Genuino y Edici\u00f3n Completa\u00a0<\/strong><\/li>\n<li><strong>Garant\u00eda de reemplazo en caso de cualquier fallo<\/strong><\/li>\n<li><strong>Clave de por vida, sin pagos mensuales ni anuales\u00a0<\/strong><\/li>\n<li><strong>Entrega instant\u00e1nea a tu bandeja de correo electr\u00f3nico\u00a0<\/strong><\/li>\n<li><strong><span style=\"font-size: 0.875rem;\">\u00a0Nota: Se requiere MacOS 12.0 o una versi\u00f3n superior.<\/span><\/strong><\/li>\n<\/ul>\n<p>Microsoft Office Home and Business 2021 ofrece aplicaciones cl\u00e1sicas de Office y correo electr\u00f3nico para familias y peque\u00f1as empresas que desean instalarlas en una Mac para uso en el hogar o el trabajo. Las versiones cl\u00e1sicas de las aplicaciones de Office incluyen Word, Excel, PowerPoint y Outlook.<\/p>\n<ul>\n<li>Funciona en Todo el Mundo<\/li>\n<li>Clave de por vida para 1 MAC<\/li>\n<li>Versi\u00f3n Completa<\/li>\n<li>Clave de Producto Instant\u00e1nea<\/li>\n<li>Soporte de Instalaci\u00f3n Remota 24\/7 para tu producto (Gratuito)<\/li>\n<\/ul>","protected":false},"excerpt":{"rendered":"<p>100% Genuine &amp; Full Edition\u00a0 replacement guaranteed in case of any failure Lifetime key and no monthly or yearly payment required\u00a0 Instant delivery to your email inbox\u00a0 \u00a0Note: MacOS 12.0 or Higher edition is required Microsoft Office Home and Business 2021 provides classic Office apps and email for families and small businesses who want to [&hellip;]<\/p>","protected":false},"featured_media":10225,"comment_status":"open","ping_status":"closed","template":"","meta":{"_monsterinsights_skip_tracking":false,"_monsterinsights_sitenote_active":false,"_monsterinsights_sitenote_note":"","_monsterinsights_sitenote_category":0,"iawp_total_views":249},"product_brand":[],"product_cat":[81,581],"product_tag":[448,450,451,449],"class_list":{"0":"post-9574","1":"product","2":"type-product","3":"status-publish","4":"has-post-thumbnail","6":"product_cat-microsoft-office","7":"product_cat-microsoft-office-for-mac","8":"product_tag-en-stock","9":"product_tag-key","10":"product_tag-lifetime-license","11":"product_tag-microsoft-office","13":"first","14":"instock","15":"shipping-taxable","16":"purchasable","17":"product-type-simple"},"aioseo_notices":[],"_links":{"self":[{"href":"https:\/\/kpreading.store\/es\/wp-json\/wp\/v2\/product\/9574","targetHints":{"allow":["GET"]}}],"collection":[{"href":"https:\/\/kpreading.store\/es\/wp-json\/wp\/v2\/product"}],"about":[{"href":"https:\/\/kpreading.store\/es\/wp-json\/wp\/v2\/types\/product"}],"replies":[{"embeddable":true,"href":"https:\/\/kpreading.store\/es\/wp-json\/wp\/v2\/comments?post=9574"}],"version-history":[{"count":2,"href":"https:\/\/kpreading.store\/es\/wp-json\/wp\/v2\/product\/9574\/revisions"}],"predecessor-version":[{"id":10227,"href":"https:\/\/kpreading.store\/es\/wp-json\/wp\/v2\/product\/9574\/revisions\/10227"}],"wp:featuredmedia":[{"embeddable":true,"href":"https:\/\/kpreading.store\/es\/wp-json\/wp\/v2\/media\/10225"}],"wp:attachment":[{"href":"https:\/\/kpreading.store\/es\/wp-json\/wp\/v2\/media?parent=9574"}],"wp:term":[{"taxonomy":"product_brand","embeddable":true,"href":"https:\/\/kpreading.store\/es\/wp-json\/wp\/v2\/product_brand?post=9574"},{"taxonomy":"product_cat","embeddable":true,"href":"https:\/\/kpreading.store\/es\/wp-json\/wp\/v2\/product_cat?post=9574"},{"taxonomy":"product_tag","embeddable":true,"href":"https:\/\/kpreading.store\/es\/wp-json\/wp\/v2\/product_tag?post=9574"}],"curies":[{"name":"wp","href":"https:\/\/api.w.org\/{rel}","templated":true}]}}