{"id":8720,"date":"2025-03-24T18:29:56","date_gmt":"2025-03-24T18:29:56","guid":{"rendered":"https:\/\/kpreading.store\/?post_type=product&#038;p=8720"},"modified":"2025-09-07T11:10:09","modified_gmt":"2025-09-07T11:10:09","slug":"windows-11-pro-retail-key","status":"publish","type":"product","link":"https:\/\/kpreading.store\/es\/product\/windows-11-pro-retail-key\/","title":{"rendered":"Windows 11 Pro para 1 PC - Garant\u00eda de por Vida, Licencia Original, Compatible con Windows 32\/64 Bits, Soporte Multilenguaje"},"content":{"rendered":"<h3>Atributos Clave<\/h3>\n<ul>\n<li><span class=\"text-foreground font-semibold\">Product Name<\/span>: WIN 11 Pro<\/li>\n<li class=\"translation-block\">Tipo: Sistema Operativo<\/li>\n<li class=\"translation-block\">Tipo de Versi\u00f3n: Internet<\/li>\n<li class=\"translation-block\">Activaci\u00f3n: 100% Activaci\u00f3n Online Global<\/li>\n<li class=\"translation-block\">Soporte: 1 usuario \/ 1 PC<\/li>\n<li class=\"translation-block\">Funcionalidad: 100% Funcional<\/li>\n<\/ul>\n<h3>Atributos Espec\u00edficos de la Industria<\/h3>\n<ul>\n<li class=\"translation-block\">Idioma: Multilenguaje<\/li>\n<\/ul>\n<h3>Sistemas Operativos Compatibles<\/h3>\n<ul>\n<li class=\"translation-block\">Sistema Operativo: Windows<\/li>\n<\/ul>\n<h3>Otros Atributos<\/h3>\n<ul>\n<li class=\"translation-block\">Lugar de Origen: EE. UU.<\/li>\n<li class=\"translation-block\">Estado del Producto: En Stock<\/li>\n<li class=\"translation-block\">N\u00famero de Modelo: Retail<\/li>\n<li class=\"translation-block\">M\u00e9todo de Env\u00edo: Entrega Online por Correo Electr\u00f3nico<\/li>\n<li class=\"translation-block\">Garant\u00eda: De por vida<\/li>\n<\/ul>","protected":false},"excerpt":{"rendered":"<p>Key Attributes Product Name: WIN 11 Pro Type: Operating System Version Type: Internet Activation: 100% Online Activation Support: 1 user \/ 1 PC Function: 100% Working Industry-Specific Attributes Language: Multi-language Operating Systems Supported Operating System: WIN Other Attributes Place of Origin: USA Product Status: Stock Model Number: Retail Shipping Method: Email Online Delivery Warranty: 6 [&hellip;]<\/p>","protected":false},"featured_media":8760,"comment_status":"open","ping_status":"closed","template":"","meta":{"_monsterinsights_skip_tracking":false,"_monsterinsights_sitenote_active":false,"_monsterinsights_sitenote_note":"","_monsterinsights_sitenote_category":0,"iawp_total_views":4596},"product_brand":[],"product_cat":[75],"product_tag":[],"class_list":{"0":"post-8720","1":"product","2":"type-product","3":"status-publish","4":"has-post-thumbnail","6":"product_cat-windows11","8":"first","9":"instock","10":"shipping-taxable","11":"purchasable","12":"product-type-simple"},"aioseo_notices":[],"_links":{"self":[{"href":"https:\/\/kpreading.store\/es\/wp-json\/wp\/v2\/product\/8720","targetHints":{"allow":["GET"]}}],"collection":[{"href":"https:\/\/kpreading.store\/es\/wp-json\/wp\/v2\/product"}],"about":[{"href":"https:\/\/kpreading.store\/es\/wp-json\/wp\/v2\/types\/product"}],"replies":[{"embeddable":true,"href":"https:\/\/kpreading.store\/es\/wp-json\/wp\/v2\/comments?post=8720"}],"version-history":[{"count":5,"href":"https:\/\/kpreading.store\/es\/wp-json\/wp\/v2\/product\/8720\/revisions"}],"predecessor-version":[{"id":9443,"href":"https:\/\/kpreading.store\/es\/wp-json\/wp\/v2\/product\/8720\/revisions\/9443"}],"wp:featuredmedia":[{"embeddable":true,"href":"https:\/\/kpreading.store\/es\/wp-json\/wp\/v2\/media\/8760"}],"wp:attachment":[{"href":"https:\/\/kpreading.store\/es\/wp-json\/wp\/v2\/media?parent=8720"}],"wp:term":[{"taxonomy":"product_brand","embeddable":true,"href":"https:\/\/kpreading.store\/es\/wp-json\/wp\/v2\/product_brand?post=8720"},{"taxonomy":"product_cat","embeddable":true,"href":"https:\/\/kpreading.store\/es\/wp-json\/wp\/v2\/product_cat?post=8720"},{"taxonomy":"product_tag","embeddable":true,"href":"https:\/\/kpreading.store\/es\/wp-json\/wp\/v2\/product_tag?post=8720"}],"curies":[{"name":"wp","href":"https:\/\/api.w.org\/{rel}","templated":true}]}}