{"id":8719,"date":"2025-03-24T18:29:56","date_gmt":"2025-03-24T18:29:56","guid":{"rendered":"https:\/\/kpreading.store\/?post_type=product&#038;p=8719"},"modified":"2025-09-07T11:09:58","modified_gmt":"2025-09-07T11:09:58","slug":"windows-11-home-retail-key","status":"publish","type":"product","link":"https:\/\/kpreading.store\/es\/product\/windows-11-home-retail-key\/","title":{"rendered":"Windows 11 Home para 1 PC - Garant\u00eda de por Vida, Licencia Original, Compatible con Windows 32\/64 Bits, Soporte Multilenguaje"},"content":{"rendered":"<p><strong>Atributos del Producto:<\/strong><\/p>\n<p class=\"translation-block\">\u2013 Nombre del Producto: Clave Win 11 Home Retail OEM<br>\n\u2013 Tipo: Sistema Operativo<br>\n\u2013 Tipo de Versi\u00f3n: Internet<br>\n\u2013 N\u00famero de Modelo: Clave Win 11 Home Retail OEM<br>\n\u2013 Lugar de Origen: Estados Unidos<br>\n\u2013 Estado del Producto: En Stock<\/p>\n<p><strong>Sistemas Operativos Compatibles<\/strong><\/p>\n<p>Sistemas Operativos Compatibles: Windows<\/p>\n<p><strong>Informaci\u00f3n Clave:<\/strong><\/p>\n<p class=\"translation-block\">\u2013 M\u00e9todo de Env\u00edo: Entrega Online por Correo Electr\u00f3nico<br>\n\u2013 Idioma: Compatibilidad con M\u00faltiples Idiomas<br>\n\u2013 Licencia: Clave Oficial Genuina de Venta al por Menor<br>\n\u2013 Activaci\u00f3n: 100% Activaci\u00f3n Online Global<br>\n\u2013 Garant\u00eda: 3 Meses<\/p>\n<p><strong>Soporte al Cliente:<\/strong><\/p>\n<p class=\"translation-block\">Servicio Postventa: Soporte Profesional<br>\n\nServicios: Soporte 24\/7<br><\/p>\n<p>Embalaje y Entrega:<br \/>\nDetalles del Embalaje: Entrega por Correo Electr\u00f3nico o Chat en Tiempo Real.<\/p>","protected":false},"excerpt":{"rendered":"<p>Product Attributes: &#8211; Product Name: Win 11 Home Retail OEM Key &#8211; Type: Operating System &#8211; Version Type: Internet &#8211; Model Number: Win 11 Home Retail OEM Key &#8211; Place of Origin: United States &#8211; Products Status: Stock Operating System Support: &#8211; Operating Systems Supported: Windows Key Information: &#8211; Shipping Method: Email Online Delivery &#8211; [&hellip;]<\/p>","protected":false},"featured_media":8759,"comment_status":"open","ping_status":"closed","template":"","meta":{"_monsterinsights_skip_tracking":false,"_monsterinsights_sitenote_active":false,"_monsterinsights_sitenote_note":"","_monsterinsights_sitenote_category":0,"iawp_total_views":568},"product_brand":[],"product_cat":[75],"product_tag":[448,450,451,452],"class_list":{"0":"post-8719","1":"product","2":"type-product","3":"status-publish","4":"has-post-thumbnail","6":"product_cat-windows11","7":"product_tag-en-stock","8":"product_tag-key","9":"product_tag-lifetime-license","10":"product_tag-microsoft-windows","12":"first","13":"instock","14":"shipping-taxable","15":"purchasable","16":"product-type-simple"},"aioseo_notices":[],"_links":{"self":[{"href":"https:\/\/kpreading.store\/es\/wp-json\/wp\/v2\/product\/8719","targetHints":{"allow":["GET"]}}],"collection":[{"href":"https:\/\/kpreading.store\/es\/wp-json\/wp\/v2\/product"}],"about":[{"href":"https:\/\/kpreading.store\/es\/wp-json\/wp\/v2\/types\/product"}],"replies":[{"embeddable":true,"href":"https:\/\/kpreading.store\/es\/wp-json\/wp\/v2\/comments?post=8719"}],"version-history":[{"count":5,"href":"https:\/\/kpreading.store\/es\/wp-json\/wp\/v2\/product\/8719\/revisions"}],"predecessor-version":[{"id":9442,"href":"https:\/\/kpreading.store\/es\/wp-json\/wp\/v2\/product\/8719\/revisions\/9442"}],"wp:featuredmedia":[{"embeddable":true,"href":"https:\/\/kpreading.store\/es\/wp-json\/wp\/v2\/media\/8759"}],"wp:attachment":[{"href":"https:\/\/kpreading.store\/es\/wp-json\/wp\/v2\/media?parent=8719"}],"wp:term":[{"taxonomy":"product_brand","embeddable":true,"href":"https:\/\/kpreading.store\/es\/wp-json\/wp\/v2\/product_brand?post=8719"},{"taxonomy":"product_cat","embeddable":true,"href":"https:\/\/kpreading.store\/es\/wp-json\/wp\/v2\/product_cat?post=8719"},{"taxonomy":"product_tag","embeddable":true,"href":"https:\/\/kpreading.store\/es\/wp-json\/wp\/v2\/product_tag?post=8719"}],"curies":[{"name":"wp","href":"https:\/\/api.w.org\/{rel}","templated":true}]}}