{"id":8715,"date":"2025-03-24T18:29:56","date_gmt":"2025-03-24T18:29:56","guid":{"rendered":"https:\/\/kpreading.store\/?post_type=product&#038;p=8715"},"modified":"2025-11-19T22:56:19","modified_gmt":"2025-11-19T22:56:19","slug":"microsoft-office-2021-professional-plus","status":"publish","type":"product","link":"https:\/\/kpreading.store\/es\/product\/microsoft-office-2021-professional-plus\/","title":{"rendered":"Microsoft Office 2021 Professional Plus para 1 PC - Sistema Operativo Windows 32\/64 Bits - Clave de Licencia Minorista Original - Soporte Multilenguaje - Garant\u00eda de por Vida"},"content":{"rendered":"<p><strong>Atributos del Producto:<\/strong><\/p>\n<p class=\"translation-block\">Nombre del Producto: Clave de Office 2021 Pro Plus para 1 PC<br>\n\nTipo: Sistema Operativo<br>\n\nTipo de Versi\u00f3n: Internet<br>\n\nN\u00famero de Modelo: Clave de Office 2021 Pro Plus para 1 PC<br>\n\nLugar de Origen: Estados Unidos<br>\n\nEstado del Producto: En Stock<br><\/p>\n<p><strong>Sistemas Operativos Compatibles<\/strong><\/p>\n<p>Sistemas Operativos Compatibles: Windows<\/p>\n<p><strong>Informaci\u00f3n Clave:<\/strong><\/p>\n<p class=\"translation-block\">M\u00e9todo de Env\u00edo: Entrega Online por Correo Electr\u00f3nico\n\nIdioma: Compatibilidad con M\u00faltiples Idiomas\n\nLicencia: Clave de Licencia Genuina de Venta al por Menor\n\nActivaci\u00f3n: 100% Activaci\u00f3n Online Global\n\nGarant\u00eda: 7 D\u00edas<\/p>\n<p class=\"translation-block\">Servicio Postventa: Soporte Profesional<br>\n\nServicios: Soporte 24\/7<br><\/p>\n<p><strong>Embalaje y Entrega:<\/strong><\/p>\n<p>Detalles del Embalaje: Entrega por Correo Electr\u00f3nico o Chat en Tiempo Real.<\/p>","protected":false},"excerpt":{"rendered":"<p>Product Attributes: Product Name: Office 2021 Pro Plus Key 1 PC Type: Operating System Version Type: Internet Model Number: Office 2021 Pro Plus Key 1 PC Place of Origin: United States Products Status: Stock Operating System Support: Operating Systems Supported: Windows Key Information: Shipping Method: Email Online Delivery Language: Multi Languages Support License: Genuine Retail [&hellip;]<\/p>","protected":false},"featured_media":8756,"comment_status":"open","ping_status":"closed","template":"","meta":{"_monsterinsights_skip_tracking":false,"_monsterinsights_sitenote_active":false,"_monsterinsights_sitenote_note":"","_monsterinsights_sitenote_category":0,"iawp_total_views":1825},"product_brand":[],"product_cat":[81,582],"product_tag":[448,450,451,449],"class_list":{"0":"post-8715","1":"product","2":"type-product","3":"status-publish","4":"has-post-thumbnail","6":"product_cat-microsoft-office","7":"product_cat-microsoft-office-for-windows","8":"product_tag-en-stock","9":"product_tag-key","10":"product_tag-lifetime-license","11":"product_tag-microsoft-office","13":"first","14":"instock","15":"shipping-taxable","16":"purchasable","17":"product-type-simple"},"aioseo_notices":[],"_links":{"self":[{"href":"https:\/\/kpreading.store\/es\/wp-json\/wp\/v2\/product\/8715","targetHints":{"allow":["GET"]}}],"collection":[{"href":"https:\/\/kpreading.store\/es\/wp-json\/wp\/v2\/product"}],"about":[{"href":"https:\/\/kpreading.store\/es\/wp-json\/wp\/v2\/types\/product"}],"replies":[{"embeddable":true,"href":"https:\/\/kpreading.store\/es\/wp-json\/wp\/v2\/comments?post=8715"}],"version-history":[{"count":7,"href":"https:\/\/kpreading.store\/es\/wp-json\/wp\/v2\/product\/8715\/revisions"}],"predecessor-version":[{"id":9436,"href":"https:\/\/kpreading.store\/es\/wp-json\/wp\/v2\/product\/8715\/revisions\/9436"}],"wp:featuredmedia":[{"embeddable":true,"href":"https:\/\/kpreading.store\/es\/wp-json\/wp\/v2\/media\/8756"}],"wp:attachment":[{"href":"https:\/\/kpreading.store\/es\/wp-json\/wp\/v2\/media?parent=8715"}],"wp:term":[{"taxonomy":"product_brand","embeddable":true,"href":"https:\/\/kpreading.store\/es\/wp-json\/wp\/v2\/product_brand?post=8715"},{"taxonomy":"product_cat","embeddable":true,"href":"https:\/\/kpreading.store\/es\/wp-json\/wp\/v2\/product_cat?post=8715"},{"taxonomy":"product_tag","embeddable":true,"href":"https:\/\/kpreading.store\/es\/wp-json\/wp\/v2\/product_tag?post=8715"}],"curies":[{"name":"wp","href":"https:\/\/api.w.org\/{rel}","templated":true}]}}